{"id":68,"date":"2012-05-21T11:04:46","date_gmt":"2012-05-21T11:04:46","guid":{"rendered":"http:\/\/dacruz.pt\/?page_id=68"},"modified":"2014-01-03T11:54:29","modified_gmt":"2014-01-03T11:54:29","slug":"a-cura-com-o-limao","status":"publish","type":"page","link":"https:\/\/dacruz.pt\/?page_id=68","title":{"rendered":"A cura pelo lim\u00e3o"},"content":{"rendered":"<div align=\"left\">\n<h2><span style=\"color: #53692b;\"><strong>A cura com o lim\u00e3o<\/strong><\/span><\/h2>\n<\/div>\n<p><strong>\u00c1urea M. Hokama<br \/>\n<\/strong>Farmac\u00eautica<\/p>\n<p style=\"text-align: justify;\">Iris &#8211; Homeopatia e Produtos Naturais<\/p>\n<p style=\"text-align: justify;\">O lim\u00e3o cura e previne muitas doen\u00e7as, n\u00e3o tem contra-indica\u00e7\u00e3o, \u00e9 usado de diversas formas: compressas, sucos, sumos, ch\u00e1s, produtos de beleza e de limpeza transformando-o em fruto vers\u00e1til e numa panaceia universal.<\/p>\n<p style=\"text-align: justify;\">Foi em 1617 que o m\u00e9dico ingl\u00eas John Wodall comprovou a efici\u00eancia do lim\u00e3o na profilaxia e cura do escorbuto, embora tenha sido usado com este fim em \u00e9pocas mais remotas na Hist\u00f3ria antiga. J\u00e1 na d\u00e9cada de 1700, o m\u00e9dico James Lind recomendava aos marinheiros brit\u00e2nicos o uso de lim\u00e3o e foi assim que desapareceu completamente o escorbuto da marinha brit\u00e2nica. O professor Euler da Su\u00e9cia, descobriu no lim\u00e3o uma nova vitamina para curar a pneumonia que lhe valeu o Pr\u00e9mio Nobel da Qu\u00edmica, em 1934. O Dr. Alberto Seabra diz que nenhuma fruta tem valor medicinal igual ao do lim\u00e3o. Muitos cientistas realizaram profundos estudos sobre o poder curativo do lim\u00e3o. Lusting e Pende da Univ. Roma, uma das maiores autoridades do mundo em endocrinologia diz ser o lim\u00e3o eficaz no tratamento de artritismo, gota, reumatismo, arteriosclerose e no envelhecimento. Hoje, outros estudos garantem que o \u00e1cido c\u00edtrico, contido no lim\u00e3o, desempenha um importante papel qu\u00edmico no metabolismo org\u00e2nico, isto porque ele oxigena o sangue, alcaliniza, combatendo assim radicais livres, que s\u00e3o os \u00e1cidos nocivos que v\u00e3o se acumulando no sangue, impregnando os \u00f3rg\u00e3os e tecidos, desenvolvendo doen\u00e7as. Esta acidez \u00e9 proveniente das toxinas do corpo, isto \u00e9, da sujeira que criamos devidos a pensamentos transviados, emo\u00e7\u00f5es mal resolvidas e alimenta\u00e7\u00e3o errada. A acidez do sangue \u00e9 a grande vil\u00e3 da sa\u00fade, reverter o quadro, alcalinizando este sangue vai evitar doen\u00e7as simples como uma gripe e degenerativas como o c\u00e2ncer.<\/p>\n<p style=\"text-align: justify;\">Al\u00e9m de acidificar, estas toxinas aumentam a temperatura do sangue, consequentemente dos \u00f3rg\u00e3os, dificultando a actua\u00e7\u00e3o da energia vital que \u00e9 uma for\u00e7a que estimula as defesas do nosso corpo e ainda compromete o metabolismo que \u00e9 o conjunto de reac\u00e7\u00f5es qu\u00edmicas do nosso organismo. O lim\u00e3o vai ajudar a destruir subst\u00e2ncias morbosa, actuando como detergente , desinfectando, dissolvendo as impurezas e limpando o sangue, fazendo um equil\u00edbrio do PH. Com isso, v\u00edrus, micr\u00f3bios e bact\u00e9rias n\u00e3o mais se instalam porque n\u00e3o h\u00e1 temperatura nem terreno apropriado para eles.<\/p>\n<p style=\"text-align: justify;\">\u00a0Assim todas as doen\u00e7as podem ser eliminadas pelos \u00f3rg\u00e3os excretores como a pele, intestino, os rins e pulm\u00e3o. Este \u00e9 o motivo da grande necessidade de observar como est\u00e3o estes \u00f3rg\u00e3os quando se pensa em fazer alguma cura no corpo.<\/p>\n<p style=\"text-align: justify;\">A concentra\u00e7\u00e3o do \u00e1cido asc\u00f3rbico (vit. C) contido no lim\u00e3o \u00e9 muito grande. Nele encontramos ainda mais outras subst\u00e2ncias como ferro, magn\u00e9sio, s\u00f3dio, enxofre, sil\u00edcio, pectina, f\u00f3sforo, iodo (que vai fazer um equil\u00edbrio glandular e org\u00e2nico perfeito), mangan\u00eas, pot\u00e1ssio, c\u00e1lcio e vitaminas A, B1 (tiamina), B2 (riboflavina), B5 (niacina), K, e P.<\/p>\n<p style=\"text-align: justify;\">Ainda cont\u00e9m o \u00e1cido c\u00edtrico e n\u00e3o corr\u00f3i o est\u00f4mago como muitos pensam, ao contr\u00e1rio, destr\u00f3i o excesso de \u00e1cido existente no est\u00f4mago com seu \u00e1cido vegetal assim como o m\u00e1lico, o tart\u00e1rico, o ox\u00e1lico, etc., que tamb\u00e9m s\u00e3o extremamente ben\u00e9ficos ao organismo, porque embora sejam \u00e1cidos, no organismo tornam-se alcalinos e v\u00e3o contribuir para a regenera\u00e7\u00e3o das c\u00e9lulas e tecidos. \u00c9 por isso que o lim\u00e3o serve para quase todas as disfun\u00e7\u00f5es do organismo.<\/p>\n<p style=\"text-align: justify;\">\u00c9 uma qu\u00edmica excelente para sa\u00fade na qual \u00e9 imposs\u00edvel sintetizar perfeitamente porque nos laborat\u00f3rios n\u00e3o se p\u00f5e vida, nem for\u00e7a magn\u00e9tica, vitalizadora que provem da terra, do oxig\u00e9nio e dos raios solares. Acostuma-se a tomar o suco de lim\u00e3o, com \u00e1gua, pode ser morna ou fria, sem a\u00e7\u00facar ingerindo se aos goles, em casa ou no escrit\u00f3rio. Voc\u00ea passa a sentir-se muito bem ap\u00f3s tom\u00e1-lo e pelo efeito do \u00e1cido c\u00edtrico a vitamina C actua contra a fadiga, aumentando a resist\u00eancia ao cansa\u00e7o muscular.<\/p>\n<p style=\"text-align: justify;\">Existem diversos tipos de lim\u00e3o, por\u00e9m qualquer um deles serve.<\/p>\n<p style=\"text-align: justify;\">Em 1918, no Rio de Janeiro, durante a epidemia da gripe espanhola que matou mais de 20 milh\u00f5es de pessoas em todo o mundo, o lim\u00e3o foi reconhecido util\u00edssimo para suavizar a terr\u00edvel mol\u00e9stia, chegando a custar pre\u00e7os absurdos.<\/p>\n<p style=\"text-align: justify;\">Bom para acne, varizes, frieira, colite, corrimento, \u00fatero, ov\u00e1rio, alergias, c\u00e1lculos renais e biliares, hemorragias e infec\u00e7\u00f5es. Elimina o excesso de \u00e1gua (incha\u00e7o). Ajuda a deixar de fumar.<\/p>\n<p style=\"text-align: justify;\">Outros benef\u00edcios:<\/p>\n<p style=\"text-align: justify;\">Febre &#8211; picar um lim\u00e3o com casca e deixar ferver com um copo de \u00e1gua dez minutos. Coar e beber em jejum.<\/p>\n<p style=\"text-align: justify;\">Nefrite &#8211; compressas nos rins com suco de lim\u00e3o fazem urinar rapidamente.<\/p>\n<p style=\"text-align: justify;\">V\u00f3mitos &#8211; ferir a casca com a unha o lim\u00e3o inteiro e cheirar. Este procedimento \u00e9 excelente para quem costuma enjoar nas viagens de carro ou barco. Experimente.<\/p>\n<p style=\"text-align: justify;\">O lim\u00e3o juntamente com outros procedimentos ainda pode curar acidez do est\u00f4mago se usado adequadamente, retirando dores, azias, arroto, flatul\u00eancia, etc. Elimina o \u00e1cido \u00farico, acne, afonia, anorexia, bronquite, brotoeja, bursite, c\u00e3ibras, c\u00e1lculos em geral e herpes. O uso do lim\u00e3o diariamente pode evitar n\u00e3o s\u00f3 o raquitismo e escorbuto, mas hemorragias, cansa\u00e7o, propens\u00e3o para catarro nas vias respirat\u00f3rias e intestinais e muitas outras fun\u00e7\u00f5es.<\/p>\n<p style=\"text-align: justify;\">Voc\u00ea sabia que:<\/p>\n<p style=\"text-align: justify;\">\u00b7 Esfregar o lim\u00e3o no couro cabeludo combate a caspa e substitui o xampu?<\/p>\n<p style=\"text-align: justify;\">\u00b7 O lim\u00e3o \u00e9 usado desde a Antiguidade como m\u00e1scara de beleza porque amacia e clareia a pele, eliminando as manchas e tira o excesso de oleosidade e pode at\u00e9 eliminar rugas?<\/p>\n<p style=\"text-align: justify;\">\u00b7 Se esfregar o lim\u00e3o na pele, cabelo ou couro cabeludo n\u00e3o v\u00e1 para o sol porque ele provoca queimaduras?<\/p>\n<p style=\"text-align: justify;\">\u00b7 A vitamina C oxida rapidamente se entrar em contacto com o ar, por isso devemos tomar o lim\u00e3o imediatamente ap\u00f3s espremer?<\/p>\n<p style=\"text-align: justify;\">\u00b7 O lim\u00e3o \u00e9 ideal para limpeza intestinal (clister) por actuar como adstringente e detergente e al\u00e9m de equilibrar o PH?<\/p>\n<p style=\"text-align: justify;\">\u00b7 Substitui o desodorizante e sabonete com a vantagem de n\u00e3o tirar a oleosidade natural da pele?<\/p>\n<p style=\"text-align: justify;\"><strong>O lim\u00e3o para emagrecimento e desintoxica\u00e7\u00e3o.<\/strong><strong>\u00a0<\/strong><\/p>\n<p style=\"text-align: justify;\">Usar o suco de lim\u00e3o (sem \u00e1gua) em jejum durante 20 dias da seguinte maneira:<\/p>\n<p style=\"text-align: justify;\">No primeiro dia usar suco de 1 lim\u00e3o. Segundo dia dois e assim sucessivamente at\u00e9 completar dez lim\u00f5es quando estiver no d\u00e9cimo dia. Depois vai decrescendo, isto \u00e9 no d\u00e9cimo primeiro dia usa se o suco de 9 lim\u00f5es at\u00e9 chegar outra vez em um lim\u00e3o no vig\u00e9simo dia. Durante o processo recomenda-se comer bastante verduras, legumes e frutas., pelo fato de conter fibras e celulose que v\u00e3o ajudar no bom funcionamento do intestino e das c\u00e9lulas.<\/p>\n<p style=\"text-align: justify;\">Durante o processo pode haver reac\u00e7\u00f5es no corpo como urtic\u00e1ria, placas vermelhas e at\u00e9 mesmo um fur\u00fanculo . n\u00e3o se assuste \u00e9 sinal de que o corpo est\u00e1 eliminando as impurezas. Ao ingerir, se sentir que a quantidade \u00e9 muito grande para tomar de uma s\u00f3 vez pode-se dividir exacta quantidade em duas ou tr\u00eas vezes ou at\u00e9 mesmo mais vezes, por\u00e9m sempre longe das refei\u00e7\u00f5es. O lim\u00e3o n\u00e3o s\u00f3 \u00e9 bom para obesidade, como para magreza excessiva, que tamb\u00e9m \u00e9 causada por disfun\u00e7\u00f5es glandulares.<\/p>\n","protected":false},"excerpt":{"rendered":"<p>A cura com o lim\u00e3o \u00c1urea M. Hokama Farmac\u00eautica Iris &#8211; Homeopatia e Produtos Naturais O lim\u00e3o cura e previne muitas doen\u00e7as, n\u00e3o tem contra-indica\u00e7\u00e3o, \u00e9 usado de diversas formas: compressas, sucos, sumos, ch\u00e1s, produtos de beleza e de limpeza transformando-o em fruto vers\u00e1til e numa panaceia universal. Foi em 1617 que o m\u00e9dico ingl\u00eas &hellip; <\/p>\n<p><a class=\"more-link btn\" href=\"https:\/\/dacruz.pt\/?page_id=68\">Continue reading<\/a><\/p>\n","protected":false},"author":1,"featured_media":0,"parent":64,"menu_order":2,"comment_status":"closed","ping_status":"closed","template":"","meta":{"footnotes":""},"class_list":["post-68","page","type-page","status-publish","hentry","nodate","item-wrap"],"_links":{"self":[{"href":"https:\/\/dacruz.pt\/index.php?rest_route=\/wp\/v2\/pages\/68","targetHints":{"allow":["GET"]}}],"collection":[{"href":"https:\/\/dacruz.pt\/index.php?rest_route=\/wp\/v2\/pages"}],"about":[{"href":"https:\/\/dacruz.pt\/index.php?rest_route=\/wp\/v2\/types\/page"}],"author":[{"embeddable":true,"href":"https:\/\/dacruz.pt\/index.php?rest_route=\/wp\/v2\/users\/1"}],"replies":[{"embeddable":true,"href":"https:\/\/dacruz.pt\/index.php?rest_route=%2Fwp%2Fv2%2Fcomments&post=68"}],"version-history":[{"count":4,"href":"https:\/\/dacruz.pt\/index.php?rest_route=\/wp\/v2\/pages\/68\/revisions"}],"predecessor-version":[{"id":72,"href":"https:\/\/dacruz.pt\/index.php?rest_route=\/wp\/v2\/pages\/68\/revisions\/72"}],"up":[{"embeddable":true,"href":"https:\/\/dacruz.pt\/index.php?rest_route=\/wp\/v2\/pages\/64"}],"wp:attachment":[{"href":"https:\/\/dacruz.pt\/index.php?rest_route=%2Fwp%2Fv2%2Fmedia&parent=68"}],"curies":[{"name":"wp","href":"https:\/\/api.w.org\/{rel}","templated":true}]}}