{"id":461,"date":"2015-11-17T16:35:35","date_gmt":"2015-11-17T16:35:35","guid":{"rendered":"http:\/\/dacruz.pt\/?page_id=461"},"modified":"2015-11-18T21:12:03","modified_gmt":"2015-11-18T21:12:03","slug":"legislacao","status":"publish","type":"page","link":"https:\/\/dacruz.pt\/?page_id=461","title":{"rendered":"Energia"},"content":{"rendered":"<div class=\"page\" title=\"Page 1\">\n<div class=\"layoutArea\">\n<div class=\"column\">\n<p><a href=\"http:\/\/www.futursolutions.pt\/docs\/EnquadProdDistri.pdf\">Autoconsumo de energia el\u00e9trica<\/a><a href=\"https:\/\/dacruz.pt\/doc\/dec.lei_153_2014.pdf\"><br \/>\nAutoconsumo &#8211; Legisla\u00e7\u00e3o<br \/>\n<\/a><a href=\"http:\/\/www.dgeg.pt\">DGEG &#8211; Dire\u00e7\u00e3o Geral de Energia e Geologia<\/a><\/p>\n<\/div>\n<\/div>\n<\/div>\n","protected":false},"excerpt":{"rendered":"<p>Autoconsumo de energia el\u00e9trica Autoconsumo &#8211; Legisla\u00e7\u00e3o DGEG &#8211; Dire\u00e7\u00e3o Geral de Energia e Geologia<\/p>\n","protected":false},"author":1,"featured_media":0,"parent":0,"menu_order":0,"comment_status":"closed","ping_status":"closed","template":"","meta":{"footnotes":""},"class_list":["post-461","page","type-page","status-publish","hentry","nodate","item-wrap"],"_links":{"self":[{"href":"https:\/\/dacruz.pt\/index.php?rest_route=\/wp\/v2\/pages\/461","targetHints":{"allow":["GET"]}}],"collection":[{"href":"https:\/\/dacruz.pt\/index.php?rest_route=\/wp\/v2\/pages"}],"about":[{"href":"https:\/\/dacruz.pt\/index.php?rest_route=\/wp\/v2\/types\/page"}],"author":[{"embeddable":true,"href":"https:\/\/dacruz.pt\/index.php?rest_route=\/wp\/v2\/users\/1"}],"replies":[{"embeddable":true,"href":"https:\/\/dacruz.pt\/index.php?rest_route=%2Fwp%2Fv2%2Fcomments&post=461"}],"version-history":[{"count":5,"href":"https:\/\/dacruz.pt\/index.php?rest_route=\/wp\/v2\/pages\/461\/revisions"}],"predecessor-version":[{"id":468,"href":"https:\/\/dacruz.pt\/index.php?rest_route=\/wp\/v2\/pages\/461\/revisions\/468"}],"wp:attachment":[{"href":"https:\/\/dacruz.pt\/index.php?rest_route=%2Fwp%2Fv2%2Fmedia&parent=461"}],"curies":[{"name":"wp","href":"https:\/\/api.w.org\/{rel}","templated":true}]}}