{"id":2,"date":"2012-05-21T09:04:58","date_gmt":"2012-05-21T09:04:58","guid":{"rendered":"http:\/\/dacruz.pt\/?page_id=2"},"modified":"2016-06-07T14:08:45","modified_gmt":"2016-06-07T14:08:45","slug":"sample-page","status":"publish","type":"page","link":"https:\/\/dacruz.pt\/?page_id=2","title":{"rendered":"Apresenta\u00e7\u00e3o"},"content":{"rendered":"<p>O meu nome \u00e9 Jos\u00e9 Ramires Cruz<a href=\"https:\/\/dacruz.pt\/wp-content\/uploads\/2012\/05\/jrc.gif\"><img loading=\"lazy\" decoding=\"async\" class=\"alignright size-full wp-image-4\" title=\"jrc\" src=\"https:\/\/dacruz.pt\/wp-content\/uploads\/2012\/05\/jrc.gif\" alt=\"\" width=\"149\" height=\"112\" \/><\/a><\/p>\n<p>Moro em Barcelinhos, mesmo junto a Barcelos, mais concretamente, na margem\u00a0esquerda do Rio C\u00e1vado. Como facilmente podem concluir, moro em plena regi\u00e3o minhota, uma das mais lindas regi\u00f5es da Europa.<\/p>\n<p>Mestrado em Ci\u00eancias da Educa\u00e7\u00e3o Especializa\u00e7\u00e3o em Inform\u00e1tica Educacional pela Universidade Cat\u00f3lica do Porto\u00a0<span style=\"line-height: 24px;\">(01.set.2010 &#8211; 09.julho.2013);<\/span><\/p>\n<p>Licenciatura em Ensino de F\u00edsica e Qu\u00edmica pela Universidade do Minho\u00a0(01.out.1980 &#8211; 28.junho.1985);<\/p>\n<p><span style=\"line-height: 24px;\">Estatuto de formador pelo Conselho Cient\u00edfico-Pedag\u00f3gico de Forma\u00e7\u00e3o Cont\u00ednua de Professores, no dom\u00ednio das Tecnologias Educativas.<\/span><\/p>\n<p>Professor de F\u00edsica e Qu\u00edmica do Ensino Secund\u00e1rio.<\/p>\n<p>Professor de Tecnologias de Informa\u00e7\u00e3o e Comunica\u00e7\u00e3o \u2013 TIC.<\/p>\n<p>J\u00e1 fui professor de Introdu\u00e7\u00e3o \u00e0s Tecnologias de Informa\u00e7\u00e3o e Comunica\u00e7\u00e3o.<\/p>\n<p>Trabalho na Escola Secund\u00e1ria de Barcelinhos que fica a cerca de 300 metros de dist\u00e2ncia de casa.<\/p>\n<p>Locais onde j\u00e1 trabalhei:<br \/>\nEscola Secund\u00e1ria S\u00e1 de Miranda &#8211; Braga<br \/>\nEscola Secund\u00e1ria de Vila Flor &#8211;\u00a0Vila Flor<br \/>\nEscola C+S de Tangil &#8211; Tangil, Mon\u00e7\u00e3o<br \/>\nEscola C+S de Cabreios &#8211;\u00a0Cabreios, Braga<\/p>\n<p>Em regime de acumula\u00e7\u00e3o:<br \/>\nEscola Secund\u00e1ria de Maximinos &#8211; Braga<br \/>\nCol\u00e9gio de LaSalle &#8211; Barcelinhos, Barcelos<br \/>\nSemin\u00e1rio de Nossa Senhora da Concei\u00e7\u00e3o &#8211; Braga<\/p>\n","protected":false},"excerpt":{"rendered":"<p>O meu nome \u00e9 Jos\u00e9 Ramires Cruz Moro em Barcelinhos, mesmo junto a Barcelos, mais concretamente, na margem\u00a0esquerda do Rio C\u00e1vado. Como facilmente podem concluir, moro em plena regi\u00e3o minhota, uma das mais lindas regi\u00f5es da Europa. Mestrado em Ci\u00eancias da Educa\u00e7\u00e3o Especializa\u00e7\u00e3o em Inform\u00e1tica Educacional pela Universidade Cat\u00f3lica do Porto\u00a0(01.set.2010 &#8211; 09.julho.2013); Licenciatura em &hellip; <\/p>\n<p><a class=\"more-link btn\" href=\"https:\/\/dacruz.pt\/?page_id=2\">Continue reading<\/a><\/p>\n","protected":false},"author":1,"featured_media":0,"parent":166,"menu_order":2,"comment_status":"closed","ping_status":"closed","template":"","meta":{"footnotes":""},"class_list":["post-2","page","type-page","status-publish","hentry","nodate","item-wrap"],"_links":{"self":[{"href":"https:\/\/dacruz.pt\/index.php?rest_route=\/wp\/v2\/pages\/2","targetHints":{"allow":["GET"]}}],"collection":[{"href":"https:\/\/dacruz.pt\/index.php?rest_route=\/wp\/v2\/pages"}],"about":[{"href":"https:\/\/dacruz.pt\/index.php?rest_route=\/wp\/v2\/types\/page"}],"author":[{"embeddable":true,"href":"https:\/\/dacruz.pt\/index.php?rest_route=\/wp\/v2\/users\/1"}],"replies":[{"embeddable":true,"href":"https:\/\/dacruz.pt\/index.php?rest_route=%2Fwp%2Fv2%2Fcomments&post=2"}],"version-history":[{"count":7,"href":"https:\/\/dacruz.pt\/index.php?rest_route=\/wp\/v2\/pages\/2\/revisions"}],"predecessor-version":[{"id":593,"href":"https:\/\/dacruz.pt\/index.php?rest_route=\/wp\/v2\/pages\/2\/revisions\/593"}],"up":[{"embeddable":true,"href":"https:\/\/dacruz.pt\/index.php?rest_route=\/wp\/v2\/pages\/166"}],"wp:attachment":[{"href":"https:\/\/dacruz.pt\/index.php?rest_route=%2Fwp%2Fv2%2Fmedia&parent=2"}],"curies":[{"name":"wp","href":"https:\/\/api.w.org\/{rel}","templated":true}]}}