{"id":166,"date":"2012-05-21T14:50:59","date_gmt":"2012-05-21T14:50:59","guid":{"rendered":"http:\/\/dacruz.pt\/?page_id=166"},"modified":"2016-02-07T11:39:23","modified_gmt":"2016-02-07T11:39:23","slug":"home","status":"publish","type":"page","link":"https:\/\/dacruz.pt\/?page_id=166","title":{"rendered":"Inicial"},"content":{"rendered":"<p>&nbsp;<\/p>\n<p><strong><span style=\"color: #008080;\">Bem-vindo(a) e boa estadia!<a href=\"https:\/\/dacruz.pt\/wp-content\/uploads\/2012\/05\/jrc.png\"><img loading=\"lazy\" decoding=\"async\" class=\"alignright size-full wp-image-231\" alt=\"jrc\" src=\"https:\/\/dacruz.pt\/wp-content\/uploads\/2012\/05\/jrc.png\" width=\"147\" height=\"171\" \/><\/a><\/span><\/strong><\/p>\n<p><strong><span style=\"color: #008080;\">Nesta p\u00e1gina pode encontrar assuntos diversificados e de interesse:<\/span><\/strong><\/p>\n<p><strong><span style=\"color: #008080;\">Curiosidades, Pensamentos, Prov\u00e9rbios temas sobre Educa\u00e7\u00e3o, Sa\u00fade, etc.<\/span><\/strong><\/p>\n<p><span style=\"color: #808000;\">Obrigado pela visita.<\/span><\/p>\n","protected":false},"excerpt":{"rendered":"<p>&nbsp; Bem-vindo(a) e boa estadia! Nesta p\u00e1gina pode encontrar assuntos diversificados e de interesse: Curiosidades, Pensamentos, Prov\u00e9rbios temas sobre Educa\u00e7\u00e3o, Sa\u00fade, etc. Obrigado pela visita.<\/p>\n","protected":false},"author":1,"featured_media":581,"parent":0,"menu_order":1,"comment_status":"closed","ping_status":"closed","template":"","meta":{"footnotes":""},"class_list":["post-166","page","type-page","status-publish","has-post-thumbnail","hentry","nodate","item-wrap"],"_links":{"self":[{"href":"https:\/\/dacruz.pt\/index.php?rest_route=\/wp\/v2\/pages\/166","targetHints":{"allow":["GET"]}}],"collection":[{"href":"https:\/\/dacruz.pt\/index.php?rest_route=\/wp\/v2\/pages"}],"about":[{"href":"https:\/\/dacruz.pt\/index.php?rest_route=\/wp\/v2\/types\/page"}],"author":[{"embeddable":true,"href":"https:\/\/dacruz.pt\/index.php?rest_route=\/wp\/v2\/users\/1"}],"replies":[{"embeddable":true,"href":"https:\/\/dacruz.pt\/index.php?rest_route=%2Fwp%2Fv2%2Fcomments&post=166"}],"version-history":[{"count":18,"href":"https:\/\/dacruz.pt\/index.php?rest_route=\/wp\/v2\/pages\/166\/revisions"}],"predecessor-version":[{"id":363,"href":"https:\/\/dacruz.pt\/index.php?rest_route=\/wp\/v2\/pages\/166\/revisions\/363"}],"wp:featuredmedia":[{"embeddable":true,"href":"https:\/\/dacruz.pt\/index.php?rest_route=\/wp\/v2\/media\/581"}],"wp:attachment":[{"href":"https:\/\/dacruz.pt\/index.php?rest_route=%2Fwp%2Fv2%2Fmedia&parent=166"}],"curies":[{"name":"wp","href":"https:\/\/api.w.org\/{rel}","templated":true}]}}